{"id":18,"date":"2025-08-22T10:04:50","date_gmt":"2025-08-22T10:04:50","guid":{"rendered":"https:\/\/jonsagastasoloa.rkinformatika.online\/?page_id=18"},"modified":"2025-08-26T13:42:55","modified_gmt":"2025-08-26T13:42:55","slug":"servicios","status":"publish","type":"page","link":"https:\/\/jonsagastasoloa.com\/eu\/servicios\/","title":{"rendered":"Zerbitzuak"},"content":{"rendered":"<div data-elementor-type=\"wp-page\" data-elementor-id=\"18\" class=\"elementor elementor-18\" data-elementor-post-type=\"page\">\n\t\t\t\t<div class=\"elementor-element elementor-element-749f221 e-flex e-con-boxed e-con e-parent\" data-id=\"749f221\" data-element_type=\"container\" data-e-type=\"container\" data-settings=\"{&quot;background_background&quot;:&quot;classic&quot;}\">\n\t\t\t\t\t<div class=\"e-con-inner\">\n\t\t\t\t\t<\/div>\n\t\t\t\t<\/div>\n\t\t<div class=\"elementor-element elementor-element-decca6c e-flex e-con-boxed e-con e-parent\" data-id=\"decca6c\" data-element_type=\"container\" data-e-type=\"container\" data-settings=\"{&quot;background_background&quot;:&quot;classic&quot;}\">\n\t\t\t\t\t<div class=\"e-con-inner\">\n\t\t<div class=\"elementor-element elementor-element-23ffa76 e-con-full e-flex elementor-invisible e-con e-child\" data-id=\"23ffa76\" data-element_type=\"container\" data-e-type=\"container\" data-settings=\"{&quot;animation&quot;:&quot;fadeInLeft&quot;}\">\n\t\t\t\t<div class=\"elementor-element elementor-element-5059195 elementor-widget elementor-widget-image\" data-id=\"5059195\" data-element_type=\"widget\" data-e-type=\"widget\" data-widget_type=\"image.default\">\n\t\t\t\t\t\t\t\t\t\t\t\t\t\t\t<img fetchpriority=\"high\" decoding=\"async\" width=\"800\" height=\"534\" src=\"https:\/\/jonsagastasoloa.com\/wp-content\/uploads\/2025\/08\/2148341663-1024x683.jpg\" class=\"attachment-large size-large wp-image-282\" alt=\"\" srcset=\"https:\/\/jonsagastasoloa.com\/wp-content\/uploads\/2025\/08\/2148341663-1024x683.jpg 1024w, https:\/\/jonsagastasoloa.com\/wp-content\/uploads\/2025\/08\/2148341663-300x200.jpg 300w, https:\/\/jonsagastasoloa.com\/wp-content\/uploads\/2025\/08\/2148341663-768x512.jpg 768w, https:\/\/jonsagastasoloa.com\/wp-content\/uploads\/2025\/08\/2148341663-18x12.jpg 18w, https:\/\/jonsagastasoloa.com\/wp-content\/uploads\/2025\/08\/2148341663.jpg 1500w\" sizes=\"(max-width: 800px) 100vw, 800px\" \/>\t\t\t\t\t\t\t\t\t\t\t\t\t\t\t<\/div>\n\t\t\t\t<div class=\"elementor-element elementor-element-b494458 elementor-widget elementor-widget-heading\" data-id=\"b494458\" data-element_type=\"widget\" data-e-type=\"widget\" data-widget_type=\"heading.default\">\n\t\t\t\t\t<h2 class=\"elementor-heading-title elementor-size-default\">Desayunos completos<\/h2>\t\t\t\t<\/div>\n\t\t\t\t<div class=\"elementor-element elementor-element-1d1665f elementor-widget elementor-widget-text-editor\" data-id=\"1d1665f\" data-element_type=\"widget\" data-e-type=\"widget\" data-widget_type=\"text-editor.default\">\n\t\t\t\t\t\t\t\t\t<p>Con caf\u00e9 de calidad y opciones variadas para empezar el d\u00eda con energ\u00eda.<\/p>\t\t\t\t\t\t\t\t<\/div>\n\t\t\t\t<\/div>\n\t\t<div class=\"elementor-element elementor-element-54511ff e-con-full e-flex elementor-invisible e-con e-child\" data-id=\"54511ff\" data-element_type=\"container\" data-e-type=\"container\" data-settings=\"{&quot;animation&quot;:&quot;fadeInRight&quot;}\">\n\t\t\t\t<div class=\"elementor-element elementor-element-2a9c72c elementor-widget elementor-widget-image\" data-id=\"2a9c72c\" data-element_type=\"widget\" data-e-type=\"widget\" data-widget_type=\"image.default\">\n\t\t\t\t\t\t\t\t\t\t\t\t\t\t\t<img decoding=\"async\" width=\"800\" height=\"534\" src=\"https:\/\/jonsagastasoloa.com\/wp-content\/uploads\/2025\/08\/Diseno-sin-titulo-5-1024x683.png\" class=\"attachment-large size-large wp-image-284\" alt=\"\" srcset=\"https:\/\/jonsagastasoloa.com\/wp-content\/uploads\/2025\/08\/Diseno-sin-titulo-5-1024x683.png 1024w, https:\/\/jonsagastasoloa.com\/wp-content\/uploads\/2025\/08\/Diseno-sin-titulo-5-300x200.png 300w, https:\/\/jonsagastasoloa.com\/wp-content\/uploads\/2025\/08\/Diseno-sin-titulo-5-768x512.png 768w, https:\/\/jonsagastasoloa.com\/wp-content\/uploads\/2025\/08\/Diseno-sin-titulo-5-18x12.png 18w, https:\/\/jonsagastasoloa.com\/wp-content\/uploads\/2025\/08\/Diseno-sin-titulo-5.png 1500w\" sizes=\"(max-width: 800px) 100vw, 800px\" \/>\t\t\t\t\t\t\t\t\t\t\t\t\t\t\t<\/div>\n\t\t\t\t<div class=\"elementor-element elementor-element-e5e58f3 elementor-widget elementor-widget-heading\" data-id=\"e5e58f3\" data-element_type=\"widget\" data-e-type=\"widget\" data-widget_type=\"heading.default\">\n\t\t\t\t\t<h2 class=\"elementor-heading-title elementor-size-default\">Comidas y cenas<\/h2>\t\t\t\t<\/div>\n\t\t\t\t<div class=\"elementor-element elementor-element-03eb079 elementor-widget elementor-widget-text-editor\" data-id=\"03eb079\" data-element_type=\"widget\" data-e-type=\"widget\" data-widget_type=\"text-editor.default\">\n\t\t\t\t\t\t\t\t\t<p>Basadas en pintxos, raciones y cocina tradicional por encargo.<\/p>\t\t\t\t\t\t\t\t<\/div>\n\t\t\t\t<\/div>\n\t\t<div class=\"elementor-element elementor-element-100b31e e-con-full e-flex e-con e-child\" data-id=\"100b31e\" data-element_type=\"container\" data-e-type=\"container\">\n\t\t\t\t<div class=\"elementor-element elementor-element-3f0a6e5 elementor-widget elementor-widget-image\" data-id=\"3f0a6e5\" data-element_type=\"widget\" data-e-type=\"widget\" data-widget_type=\"image.default\">\n\t\t\t\t\t\t\t\t\t\t\t\t\t\t\t<img decoding=\"async\" width=\"800\" height=\"534\" src=\"https:\/\/jonsagastasoloa.com\/wp-content\/uploads\/2025\/08\/42571-1024x683.jpg\" class=\"attachment-large size-large wp-image-288\" alt=\"\" srcset=\"https:\/\/jonsagastasoloa.com\/wp-content\/uploads\/2025\/08\/42571-1024x683.jpg 1024w, https:\/\/jonsagastasoloa.com\/wp-content\/uploads\/2025\/08\/42571-300x200.jpg 300w, https:\/\/jonsagastasoloa.com\/wp-content\/uploads\/2025\/08\/42571-768x512.jpg 768w, https:\/\/jonsagastasoloa.com\/wp-content\/uploads\/2025\/08\/42571-18x12.jpg 18w, https:\/\/jonsagastasoloa.com\/wp-content\/uploads\/2025\/08\/42571.jpg 1500w\" sizes=\"(max-width: 800px) 100vw, 800px\" \/>\t\t\t\t\t\t\t\t\t\t\t\t\t\t\t<\/div>\n\t\t\t\t<div class=\"elementor-element elementor-element-4ef950c elementor-widget elementor-widget-heading\" data-id=\"4ef950c\" data-element_type=\"widget\" data-e-type=\"widget\" data-widget_type=\"heading.default\">\n\t\t\t\t\t<h2 class=\"elementor-heading-title elementor-size-default\">Meriendas<\/h2>\t\t\t\t<\/div>\n\t\t\t\t<div class=\"elementor-element elementor-element-d628794 elementor-widget elementor-widget-text-editor\" data-id=\"d628794\" data-element_type=\"widget\" data-e-type=\"widget\" data-widget_type=\"text-editor.default\">\n\t\t\t\t\t\t\t\t\t<p>En un ambiente relajado, ideales para reunirse con amigos o en familia.<\/p>\t\t\t\t\t\t\t\t<\/div>\n\t\t\t\t<\/div>\n\t\t<div class=\"elementor-element elementor-element-2821796 e-con-full e-flex e-con e-child\" data-id=\"2821796\" data-element_type=\"container\" data-e-type=\"container\">\n\t\t\t\t<div class=\"elementor-element elementor-element-23de7bb elementor-widget elementor-widget-image\" data-id=\"23de7bb\" data-element_type=\"widget\" data-e-type=\"widget\" data-widget_type=\"image.default\">\n\t\t\t\t\t\t\t\t\t\t\t\t\t\t\t<img loading=\"lazy\" decoding=\"async\" width=\"800\" height=\"534\" src=\"https:\/\/jonsagastasoloa.com\/wp-content\/uploads\/2025\/08\/Diseno-sin-titulo-7-1024x683.png\" class=\"attachment-large size-large wp-image-290\" alt=\"\" srcset=\"https:\/\/jonsagastasoloa.com\/wp-content\/uploads\/2025\/08\/Diseno-sin-titulo-7-1024x683.png 1024w, https:\/\/jonsagastasoloa.com\/wp-content\/uploads\/2025\/08\/Diseno-sin-titulo-7-300x200.png 300w, https:\/\/jonsagastasoloa.com\/wp-content\/uploads\/2025\/08\/Diseno-sin-titulo-7-768x512.png 768w, https:\/\/jonsagastasoloa.com\/wp-content\/uploads\/2025\/08\/Diseno-sin-titulo-7-18x12.png 18w, https:\/\/jonsagastasoloa.com\/wp-content\/uploads\/2025\/08\/Diseno-sin-titulo-7.png 1500w\" sizes=\"(max-width: 800px) 100vw, 800px\" \/>\t\t\t\t\t\t\t\t\t\t\t\t\t\t\t<\/div>\n\t\t\t\t<div class=\"elementor-element elementor-element-94775b3 elementor-widget elementor-widget-heading\" data-id=\"94775b3\" data-element_type=\"widget\" data-e-type=\"widget\" data-widget_type=\"heading.default\">\n\t\t\t\t\t<h2 class=\"elementor-heading-title elementor-size-default\">Tortillas caseras<\/h2>\t\t\t\t<\/div>\n\t\t\t\t<div class=\"elementor-element elementor-element-59be55d elementor-widget elementor-widget-text-editor\" data-id=\"59be55d\" data-element_type=\"widget\" data-e-type=\"widget\" data-widget_type=\"text-editor.default\">\n\t\t\t\t\t\t\t\t\t<p>Jugosas, sabrosas y reci\u00e9n hechas. Las tortillas caseras del Bar Dolaretxe Berria son el sabor de siempre, perfectas en cualquier momento del d\u00eda.<\/p>\t\t\t\t\t\t\t\t<\/div>\n\t\t\t\t<\/div>\n\t\t<div class=\"elementor-element elementor-element-f9db146 e-con-full e-flex e-con e-child\" data-id=\"f9db146\" data-element_type=\"container\" data-e-type=\"container\">\n\t\t\t\t<div class=\"elementor-element elementor-element-4c720fd elementor-widget elementor-widget-image\" data-id=\"4c720fd\" data-element_type=\"widget\" data-e-type=\"widget\" data-widget_type=\"image.default\">\n\t\t\t\t\t\t\t\t\t\t\t\t\t\t\t<img loading=\"lazy\" decoding=\"async\" width=\"800\" height=\"534\" src=\"https:\/\/jonsagastasoloa.com\/wp-content\/uploads\/2025\/08\/21697-1024x683.jpg\" class=\"attachment-large size-large wp-image-294\" alt=\"\" srcset=\"https:\/\/jonsagastasoloa.com\/wp-content\/uploads\/2025\/08\/21697-1024x683.jpg 1024w, https:\/\/jonsagastasoloa.com\/wp-content\/uploads\/2025\/08\/21697-300x200.jpg 300w, https:\/\/jonsagastasoloa.com\/wp-content\/uploads\/2025\/08\/21697-768x512.jpg 768w, https:\/\/jonsagastasoloa.com\/wp-content\/uploads\/2025\/08\/21697-18x12.jpg 18w, https:\/\/jonsagastasoloa.com\/wp-content\/uploads\/2025\/08\/21697.jpg 1500w\" sizes=\"(max-width: 800px) 100vw, 800px\" \/>\t\t\t\t\t\t\t\t\t\t\t\t\t\t\t<\/div>\n\t\t\t\t<div class=\"elementor-element elementor-element-09a2ff7 elementor-widget elementor-widget-heading\" data-id=\"09a2ff7\" data-element_type=\"widget\" data-e-type=\"widget\" data-widget_type=\"heading.default\">\n\t\t\t\t\t<h2 class=\"elementor-heading-title elementor-size-default\">Pintxos variados caseros<\/h2>\t\t\t\t<\/div>\n\t\t\t\t<div class=\"elementor-element elementor-element-e7eb3f4 elementor-widget elementor-widget-text-editor\" data-id=\"e7eb3f4\" data-element_type=\"widget\" data-e-type=\"widget\" data-widget_type=\"text-editor.default\">\n\t\t\t\t\t\t\t\t\t<p>Una barra llena de color y sabor con pintxos caseros, preparados con mimo y productos frescos. Tradici\u00f3n y creatividad en cada bocado.<\/p>\t\t\t\t\t\t\t\t<\/div>\n\t\t\t\t<\/div>\n\t\t<div class=\"elementor-element elementor-element-22664b9 e-con-full e-flex e-con e-child\" data-id=\"22664b9\" data-element_type=\"container\" data-e-type=\"container\">\n\t\t\t\t<div class=\"elementor-element elementor-element-e9ea0a5 elementor-widget elementor-widget-image\" data-id=\"e9ea0a5\" data-element_type=\"widget\" data-e-type=\"widget\" data-widget_type=\"image.default\">\n\t\t\t\t\t\t\t\t\t\t\t\t\t\t\t<img loading=\"lazy\" decoding=\"async\" width=\"800\" height=\"534\" src=\"https:\/\/jonsagastasoloa.com\/wp-content\/uploads\/2025\/08\/65354-1024x683.jpg\" class=\"attachment-large size-large wp-image-298\" alt=\"\" srcset=\"https:\/\/jonsagastasoloa.com\/wp-content\/uploads\/2025\/08\/65354-1024x683.jpg 1024w, https:\/\/jonsagastasoloa.com\/wp-content\/uploads\/2025\/08\/65354-300x200.jpg 300w, https:\/\/jonsagastasoloa.com\/wp-content\/uploads\/2025\/08\/65354-768x512.jpg 768w, https:\/\/jonsagastasoloa.com\/wp-content\/uploads\/2025\/08\/65354-18x12.jpg 18w, https:\/\/jonsagastasoloa.com\/wp-content\/uploads\/2025\/08\/65354.jpg 1500w\" sizes=\"(max-width: 800px) 100vw, 800px\" \/>\t\t\t\t\t\t\t\t\t\t\t\t\t\t\t<\/div>\n\t\t\t\t<div class=\"elementor-element elementor-element-96a28ab elementor-widget elementor-widget-heading\" data-id=\"96a28ab\" data-element_type=\"widget\" data-e-type=\"widget\" data-widget_type=\"heading.default\">\n\t\t\t\t\t<h2 class=\"elementor-heading-title elementor-size-default\">Bebidas<\/h2>\t\t\t\t<\/div>\n\t\t\t\t<div class=\"elementor-element elementor-element-6ff9c42 elementor-widget elementor-widget-text-editor\" data-id=\"6ff9c42\" data-element_type=\"widget\" data-e-type=\"widget\" data-widget_type=\"text-editor.default\">\n\t\t\t\t\t\t\t\t\t<p data-start=\"165\" data-end=\"422\">Desde el caf\u00e9 reci\u00e9n hecho, perfecto para empezar el d\u00eda, hasta una variada carta de vinos, cervezas y refrescos para disfrutar en cualquier momento.<\/p>\t\t\t\t\t\t\t\t<\/div>\n\t\t\t\t<\/div>\n\t\t\t\t\t<\/div>\n\t\t\t\t<\/div>\n\t\t<div class=\"elementor-element elementor-element-202ec78 e-con-full e-flex e-con e-parent\" data-id=\"202ec78\" data-element_type=\"container\" data-e-type=\"container\">\n\t\t\t\t<div class=\"elementor-element elementor-element-5a67ea6 elementor-cta--skin-cover elementor-animated-content elementor-bg-transform elementor-bg-transform-zoom-in elementor-widget elementor-widget-call-to-action\" data-id=\"5a67ea6\" data-element_type=\"widget\" data-e-type=\"widget\" data-widget_type=\"call-to-action.default\">\n\t\t\t\t\t\t\t<div class=\"elementor-cta\">\n\t\t\t\t\t<div class=\"elementor-cta__bg-wrapper\">\n\t\t\t\t<div class=\"elementor-cta__bg elementor-bg\" style=\"background-image: url(https:\/\/jonsagastasoloa.com\/wp-content\/uploads\/2025\/08\/banner-2.png);\" role=\"img\" aria-label=\"banner 2\"><\/div>\n\t\t\t\t<div class=\"elementor-cta__bg-overlay\"><\/div>\n\t\t\t<\/div>\n\t\t\t\t\t\t\t<div class=\"elementor-cta__content\">\n\t\t\t\t\n\t\t\t\t\t\t\t\t\t<h2 class=\"elementor-cta__title elementor-cta__content-item elementor-content-item elementor-animated-item--grow\">\n\t\t\t\t\t\tBuena comida y mejores momentos\t\t\t\t\t<\/h2>\n\t\t\t\t\n\t\t\t\t\t\t\t\t\t<div class=\"elementor-cta__description elementor-cta__content-item elementor-content-item elementor-animated-item--grow\">\n\t\t\t\t\t\tEstamos aqu\u00ed para ti. Ll\u00e1manos, escr\u00edbenos o ven a visitarnos.\t\t\t\t\t<\/div>\n\t\t\t\t\n\t\t\t\t\t\t\t\t\t<div class=\"elementor-cta__button-wrapper elementor-cta__content-item elementor-content-item elementor-animated-item--grow\">\n\t\t\t\t\t<a class=\"elementor-cta__button elementor-button elementor-size-\" href=\"https:\/\/jonsagastasoloa.com\/eu\/contacto\/\">\n\t\t\t\t\t\tCONTACTO\t\t\t\t\t<\/a>\n\t\t\t\t\t<\/div>\n\t\t\t\t\t\t\t<\/div>\n\t\t\t\t\t\t<\/div>\n\t\t\t\t\t\t<\/div>\n\t\t\t\t<\/div>\n\t\t\t\t<\/div>","protected":false},"excerpt":{"rendered":"<p>Desayunos completos Con caf\u00e9 de calidad y opciones variadas para empezar el d\u00eda con energ\u00eda. Comidas y cenas Basadas en pintxos, raciones y cocina tradicional por encargo. Meriendas En un ambiente relajado, ideales para reunirse con amigos o en familia. Tortillas caseras Jugosas, sabrosas y reci\u00e9n hechas. Las tortillas caseras del Bar Dolaretxe Berria son [&hellip;]<\/p>\n","protected":false},"author":1,"featured_media":0,"parent":0,"menu_order":0,"comment_status":"closed","ping_status":"closed","template":"elementor_canvas","meta":{"footnotes":""},"class_list":["post-18","page","type-page","status-publish","hentry"],"yoast_head":"<!-- This site is optimized with the Yoast SEO plugin v27.3 - https:\/\/yoast.com\/product\/yoast-seo-wordpress\/ -->\n<title>Servicios - jonsagastasoloa<\/title>\n<meta name=\"robots\" content=\"index, follow, max-snippet:-1, max-image-preview:large, max-video-preview:-1\" \/>\n<link rel=\"canonical\" href=\"https:\/\/jonsagastasoloa.com\/eu\/servicios\/\" \/>\n<meta property=\"og:locale\" content=\"en_US\" \/>\n<meta property=\"og:type\" content=\"article\" \/>\n<meta property=\"og:title\" content=\"Servicios - jonsagastasoloa\" \/>\n<meta property=\"og:description\" content=\"Desayunos completos Con caf\u00e9 de calidad y opciones variadas para empezar el d\u00eda con energ\u00eda. Comidas y cenas Basadas en pintxos, raciones y cocina tradicional por encargo. Meriendas En un ambiente relajado, ideales para reunirse con amigos o en familia. Tortillas caseras Jugosas, sabrosas y reci\u00e9n hechas. Las tortillas caseras del Bar Dolaretxe Berria son [&hellip;]\" \/>\n<meta property=\"og:url\" content=\"https:\/\/jonsagastasoloa.com\/eu\/servicios\/\" \/>\n<meta property=\"og:site_name\" content=\"jonsagastasoloa\" \/>\n<meta property=\"article:modified_time\" content=\"2025-08-26T13:42:55+00:00\" \/>\n<meta property=\"og:image\" content=\"https:\/\/jonsagastasoloa.com\/wp-content\/uploads\/2025\/08\/2148341663.jpg\" \/>\n\t<meta property=\"og:image:width\" content=\"1500\" \/>\n\t<meta property=\"og:image:height\" content=\"1000\" \/>\n\t<meta property=\"og:image:type\" content=\"image\/jpeg\" \/>\n<meta name=\"twitter:card\" content=\"summary_large_image\" \/>\n<meta name=\"twitter:label1\" content=\"Est. reading time\" \/>\n\t<meta name=\"twitter:data1\" content=\"1 minutua\" \/>\n<script type=\"application\/ld+json\" class=\"yoast-schema-graph\">{\"@context\":\"https:\\\/\\\/schema.org\",\"@graph\":[{\"@type\":\"WebPage\",\"@id\":\"https:\\\/\\\/jonsagastasoloa.com\\\/servicios\\\/\",\"url\":\"https:\\\/\\\/jonsagastasoloa.com\\\/servicios\\\/\",\"name\":\"Servicios - jonsagastasoloa\",\"isPartOf\":{\"@id\":\"https:\\\/\\\/jonsagastasoloa.com\\\/#website\"},\"primaryImageOfPage\":{\"@id\":\"https:\\\/\\\/jonsagastasoloa.com\\\/servicios\\\/#primaryimage\"},\"image\":{\"@id\":\"https:\\\/\\\/jonsagastasoloa.com\\\/servicios\\\/#primaryimage\"},\"thumbnailUrl\":\"https:\\\/\\\/jonsagastasoloa.com\\\/wp-content\\\/uploads\\\/2025\\\/08\\\/2148341663-1024x683.jpg\",\"datePublished\":\"2025-08-22T10:04:50+00:00\",\"dateModified\":\"2025-08-26T13:42:55+00:00\",\"breadcrumb\":{\"@id\":\"https:\\\/\\\/jonsagastasoloa.com\\\/servicios\\\/#breadcrumb\"},\"inLanguage\":\"eu\",\"potentialAction\":[{\"@type\":\"ReadAction\",\"target\":[\"https:\\\/\\\/jonsagastasoloa.com\\\/servicios\\\/\"]}]},{\"@type\":\"ImageObject\",\"inLanguage\":\"eu\",\"@id\":\"https:\\\/\\\/jonsagastasoloa.com\\\/servicios\\\/#primaryimage\",\"url\":\"https:\\\/\\\/jonsagastasoloa.com\\\/wp-content\\\/uploads\\\/2025\\\/08\\\/2148341663-1024x683.jpg\",\"contentUrl\":\"https:\\\/\\\/jonsagastasoloa.com\\\/wp-content\\\/uploads\\\/2025\\\/08\\\/2148341663-1024x683.jpg\"},{\"@type\":\"BreadcrumbList\",\"@id\":\"https:\\\/\\\/jonsagastasoloa.com\\\/servicios\\\/#breadcrumb\",\"itemListElement\":[{\"@type\":\"ListItem\",\"position\":1,\"name\":\"Portada\",\"item\":\"https:\\\/\\\/jonsagastasoloa.com\\\/\"},{\"@type\":\"ListItem\",\"position\":2,\"name\":\"Servicios\"}]},{\"@type\":\"WebSite\",\"@id\":\"https:\\\/\\\/jonsagastasoloa.com\\\/#website\",\"url\":\"https:\\\/\\\/jonsagastasoloa.com\\\/\",\"name\":\"jonsagastasoloa\",\"description\":\"\",\"publisher\":{\"@id\":\"https:\\\/\\\/jonsagastasoloa.com\\\/#organization\"},\"potentialAction\":[{\"@type\":\"SearchAction\",\"target\":{\"@type\":\"EntryPoint\",\"urlTemplate\":\"https:\\\/\\\/jonsagastasoloa.com\\\/?s={search_term_string}\"},\"query-input\":{\"@type\":\"PropertyValueSpecification\",\"valueRequired\":true,\"valueName\":\"search_term_string\"}}],\"inLanguage\":\"eu\"},{\"@type\":\"Organization\",\"@id\":\"https:\\\/\\\/jonsagastasoloa.com\\\/#organization\",\"name\":\"jonsagastasoloa\",\"url\":\"https:\\\/\\\/jonsagastasoloa.com\\\/\",\"logo\":{\"@type\":\"ImageObject\",\"inLanguage\":\"eu\",\"@id\":\"https:\\\/\\\/jonsagastasoloa.com\\\/#\\\/schema\\\/logo\\\/image\\\/\",\"url\":\"https:\\\/\\\/jonsagastasoloa.com\\\/wp-content\\\/uploads\\\/2025\\\/08\\\/cropped-sin-fondo-2.png\",\"contentUrl\":\"https:\\\/\\\/jonsagastasoloa.com\\\/wp-content\\\/uploads\\\/2025\\\/08\\\/cropped-sin-fondo-2.png\",\"width\":936,\"height\":196,\"caption\":\"jonsagastasoloa\"},\"image\":{\"@id\":\"https:\\\/\\\/jonsagastasoloa.com\\\/#\\\/schema\\\/logo\\\/image\\\/\"}}]}<\/script>\n<!-- \/ Yoast SEO plugin. -->","yoast_head_json":{"title":"Servicios - jonsagastasoloa","robots":{"index":"index","follow":"follow","max-snippet":"max-snippet:-1","max-image-preview":"max-image-preview:large","max-video-preview":"max-video-preview:-1"},"canonical":"https:\/\/jonsagastasoloa.com\/eu\/servicios\/","og_locale":"en_US","og_type":"article","og_title":"Servicios - jonsagastasoloa","og_description":"Desayunos completos Con caf\u00e9 de calidad y opciones variadas para empezar el d\u00eda con energ\u00eda. Comidas y cenas Basadas en pintxos, raciones y cocina tradicional por encargo. Meriendas En un ambiente relajado, ideales para reunirse con amigos o en familia. Tortillas caseras Jugosas, sabrosas y reci\u00e9n hechas. Las tortillas caseras del Bar Dolaretxe Berria son [&hellip;]","og_url":"https:\/\/jonsagastasoloa.com\/eu\/servicios\/","og_site_name":"jonsagastasoloa","article_modified_time":"2025-08-26T13:42:55+00:00","og_image":[{"width":1500,"height":1000,"url":"https:\/\/jonsagastasoloa.com\/wp-content\/uploads\/2025\/08\/2148341663.jpg","type":"image\/jpeg"}],"twitter_card":"summary_large_image","twitter_misc":{"Est. reading time":"1 minutua"},"schema":{"@context":"https:\/\/schema.org","@graph":[{"@type":"WebPage","@id":"https:\/\/jonsagastasoloa.com\/servicios\/","url":"https:\/\/jonsagastasoloa.com\/servicios\/","name":"Servicios - jonsagastasoloa","isPartOf":{"@id":"https:\/\/jonsagastasoloa.com\/#website"},"primaryImageOfPage":{"@id":"https:\/\/jonsagastasoloa.com\/servicios\/#primaryimage"},"image":{"@id":"https:\/\/jonsagastasoloa.com\/servicios\/#primaryimage"},"thumbnailUrl":"https:\/\/jonsagastasoloa.com\/wp-content\/uploads\/2025\/08\/2148341663-1024x683.jpg","datePublished":"2025-08-22T10:04:50+00:00","dateModified":"2025-08-26T13:42:55+00:00","breadcrumb":{"@id":"https:\/\/jonsagastasoloa.com\/servicios\/#breadcrumb"},"inLanguage":"eu","potentialAction":[{"@type":"ReadAction","target":["https:\/\/jonsagastasoloa.com\/servicios\/"]}]},{"@type":"ImageObject","inLanguage":"eu","@id":"https:\/\/jonsagastasoloa.com\/servicios\/#primaryimage","url":"https:\/\/jonsagastasoloa.com\/wp-content\/uploads\/2025\/08\/2148341663-1024x683.jpg","contentUrl":"https:\/\/jonsagastasoloa.com\/wp-content\/uploads\/2025\/08\/2148341663-1024x683.jpg"},{"@type":"BreadcrumbList","@id":"https:\/\/jonsagastasoloa.com\/servicios\/#breadcrumb","itemListElement":[{"@type":"ListItem","position":1,"name":"Portada","item":"https:\/\/jonsagastasoloa.com\/"},{"@type":"ListItem","position":2,"name":"Servicios"}]},{"@type":"WebSite","@id":"https:\/\/jonsagastasoloa.com\/#website","url":"https:\/\/jonsagastasoloa.com\/","name":"jonsagastasoloa","description":"","publisher":{"@id":"https:\/\/jonsagastasoloa.com\/#organization"},"potentialAction":[{"@type":"SearchAction","target":{"@type":"EntryPoint","urlTemplate":"https:\/\/jonsagastasoloa.com\/?s={search_term_string}"},"query-input":{"@type":"PropertyValueSpecification","valueRequired":true,"valueName":"search_term_string"}}],"inLanguage":"eu"},{"@type":"Organization","@id":"https:\/\/jonsagastasoloa.com\/#organization","name":"jonsagastasoloa","url":"https:\/\/jonsagastasoloa.com\/","logo":{"@type":"ImageObject","inLanguage":"eu","@id":"https:\/\/jonsagastasoloa.com\/#\/schema\/logo\/image\/","url":"https:\/\/jonsagastasoloa.com\/wp-content\/uploads\/2025\/08\/cropped-sin-fondo-2.png","contentUrl":"https:\/\/jonsagastasoloa.com\/wp-content\/uploads\/2025\/08\/cropped-sin-fondo-2.png","width":936,"height":196,"caption":"jonsagastasoloa"},"image":{"@id":"https:\/\/jonsagastasoloa.com\/#\/schema\/logo\/image\/"}}]}},"_links":{"self":[{"href":"https:\/\/jonsagastasoloa.com\/eu\/wp-json\/wp\/v2\/pages\/18","targetHints":{"allow":["GET"]}}],"collection":[{"href":"https:\/\/jonsagastasoloa.com\/eu\/wp-json\/wp\/v2\/pages"}],"about":[{"href":"https:\/\/jonsagastasoloa.com\/eu\/wp-json\/wp\/v2\/types\/page"}],"author":[{"embeddable":true,"href":"https:\/\/jonsagastasoloa.com\/eu\/wp-json\/wp\/v2\/users\/1"}],"replies":[{"embeddable":true,"href":"https:\/\/jonsagastasoloa.com\/eu\/wp-json\/wp\/v2\/comments?post=18"}],"version-history":[{"count":52,"href":"https:\/\/jonsagastasoloa.com\/eu\/wp-json\/wp\/v2\/pages\/18\/revisions"}],"predecessor-version":[{"id":310,"href":"https:\/\/jonsagastasoloa.com\/eu\/wp-json\/wp\/v2\/pages\/18\/revisions\/310"}],"wp:attachment":[{"href":"https:\/\/jonsagastasoloa.com\/eu\/wp-json\/wp\/v2\/media?parent=18"}],"curies":[{"name":"wp","href":"https:\/\/api.w.org\/{rel}","templated":true}]}}